{"id":321,"date":"2025-04-03T07:43:48","date_gmt":"2025-04-03T07:43:48","guid":{"rendered":"https:\/\/zilevo.pt\/zi\/?page_id=321"},"modified":"2025-04-04T09:42:01","modified_gmt":"2025-04-04T09:42:01","slug":"videovigilancia","status":"publish","type":"page","link":"https:\/\/zilevo.pt\/zi\/videovigilancia\/","title":{"rendered":"Videovigilancia"},"content":{"rendered":"\n\n\n\n<p class=\"MsoNormal\">Por que escolher a nossa solu\u00e7\u00e3o de videovigil\u00e2ncia?<o:p><\/o:p><\/p>\n\n\n\n\n\n\n\n\n\n\n\n\n\n\n\n\n\n\n\n\n\n\n\n\n\n\n<p style=\"text-align: right; \"><span style=\"font-size: 20px; color: rgb(255, 255, 255);\"><strong style=\"line-height: 1;\">LOREM CORPORATE CEO<\/strong><\/span><\/p><p style=\"text-align: center;\"><span style=\"color: rgb(255, 255, 255);\">Duis aute irure dolor in reprehenderit in voluptate velit esse cillum dolore eu fugiat nulla pariatur. Excepteur sint occaecat cupidatat non proident, sunt in culpa qui officia deserunt mollit anim id est laborum.<\/span><\/p><p style=\"text-align: left;\"><sign>\u00a0 \u00a0 \u00a0 <span style=\"line-height: 2.0;\">Benn Marshall<\/span><\/sign><\/p>\n\n\n<p class=\"MsoNormal\">Na ZiLEVO, oferecemos sistemas de videovigil\u00e2ncia de ponta\nque garantem a seguran\u00e7a da sua propriedade. Nossos servi\u00e7os incluem instala\u00e7\u00e3o\nespecializada e manuten\u00e7\u00e3o cont\u00ednua, garantindo que voc\u00ea tenha uma solu\u00e7\u00e3o\nconfi\u00e1vel e eficiente. Com nossa tecnologia avan\u00e7ada, voc\u00ea pode monitorar seus\nespa\u00e7os a qualquer hora e de qualquer lugar.<o:p><\/o:p><\/p><p>\n\n<\/p><p class=\"MsoNormal\">Acredite na prote\u00e7\u00e3o da sua empresa ou resid\u00eancia com os\nmelhores servi\u00e7os de eletr\u00f4nica e eletricidade. Esteja um passo \u00e0 frente em\nseguran\u00e7a!<o:p><\/o:p><\/p>\n<h1><p class=\"MsoNormal\" style=\"color: rgb(31, 39, 50); font-family: Poppins; font-size: 15px; font-variant-numeric: normal !important; font-variant-east-asian: normal !important; font-variant-alternates: normal !important; font-variant-position: normal !important; font-variant-emoji: normal !important; line-height: 1.65em !important;\">Seguran\u00e7a garantida<\/p><p style=\"color: rgb(31, 39, 50); font-family: Poppins; font-size: 15px; font-variant-numeric: normal !important; font-variant-east-asian: normal !important; font-variant-alternates: normal !important; font-variant-position: normal !important; font-variant-emoji: normal !important; line-height: 1.65em !important;\"><\/p><\/h2>\n<p class=\"MsoNormal\"><span style=\"text-transform: inherit;\">Nossos sistemas s\u00e3o projetados para oferecer o m\u00e1ximo de\nseguran\u00e7a, permitindo que voc\u00ea fique tranquilo sabendo que sua propriedade est\u00e1\nprotegida.<\/span><\/p>\n<h2><font color=\"#1f2732\" face=\"Poppins\"><span style=\"font-size: 15px;\">Confiabilidade Total<\/span><\/font><\/h2><p class=\"MsoNormal\" style=\"color: rgb(31, 39, 50); font-family: Poppins; font-size: 15px; font-variant-numeric: normal !important; font-variant-east-asian: normal !important; font-variant-alternates: normal !important; font-variant-position: normal !important; font-variant-emoji: normal !important; line-height: 1.65em !important;\"><o:p style=\"font-variant-numeric: normal !important; font-variant-east-asian: normal !important; font-variant-alternates: normal !important; font-variant-position: normal !important; font-variant-emoji: normal !important; text-decoration-style: solid !important; line-height: 1.65em !important; letter-spacing: 0px !important;\"><\/o:p><\/p><p style=\"color: rgb(31, 39, 50); font-family: Poppins; font-size: 15px; font-variant-numeric: normal !important; font-variant-east-asian: normal !important; font-variant-alternates: normal !important; font-variant-position: normal !important; font-variant-emoji: normal !important; line-height: 1.65em !important;\"><\/p>\n<p class=\"MsoNormal\"><span style=\"text-transform: inherit;\">Com manuten\u00e7\u00e3o regular e suporte dedicado, garantimos que\nsua videovigil\u00e2ncia funcione sem interrup\u00e7\u00f5es.<\/span><\/p>\n\n\n\n\n","protected":false},"excerpt":{"rendered":"","protected":false},"author":1,"featured_media":0,"parent":0,"menu_order":0,"comment_status":"closed","ping_status":"closed","template":"","meta":{"pagelayer_contact_templates":[],"_pagelayer_content":"","footnotes":""},"class_list":["post-321","page","type-page","status-publish","hentry"],"_links":{"self":[{"href":"https:\/\/zilevo.pt\/zi\/wp-json\/wp\/v2\/pages\/321","targetHints":{"allow":["GET"]}}],"collection":[{"href":"https:\/\/zilevo.pt\/zi\/wp-json\/wp\/v2\/pages"}],"about":[{"href":"https:\/\/zilevo.pt\/zi\/wp-json\/wp\/v2\/types\/page"}],"author":[{"embeddable":true,"href":"https:\/\/zilevo.pt\/zi\/wp-json\/wp\/v2\/users\/1"}],"replies":[{"embeddable":true,"href":"https:\/\/zilevo.pt\/zi\/wp-json\/wp\/v2\/comments?post=321"}],"version-history":[{"count":8,"href":"https:\/\/zilevo.pt\/zi\/wp-json\/wp\/v2\/pages\/321\/revisions"}],"predecessor-version":[{"id":376,"href":"https:\/\/zilevo.pt\/zi\/wp-json\/wp\/v2\/pages\/321\/revisions\/376"}],"wp:attachment":[{"href":"https:\/\/zilevo.pt\/zi\/wp-json\/wp\/v2\/media?parent=321"}],"curies":[{"name":"wp","href":"https:\/\/api.w.org\/{rel}","templated":true}]}}