{"id":117,"date":"2025-04-01T14:32:17","date_gmt":"2025-04-01T14:32:17","guid":{"rendered":"http:\/\/zilevo.pt\/zi\/?page_id=117"},"modified":"2025-04-04T07:25:57","modified_gmt":"2025-04-04T07:25:57","slug":"automacao","status":"publish","type":"page","link":"https:\/\/zilevo.pt\/zi\/automacao\/","title":{"rendered":"Automa\u00e7\u00e3o"},"content":{"rendered":"\n\n\n\n<p>Automa\u00e7\u00e3o<\/p>\n\n\n\n\n\n\n\n\n\n\n\n\n\n\n\n\n\n\n\n\n\n\n\n\n\n\n<p style=\"text-align: right; \"><span style=\"font-size: 20px; color: rgb(255, 255, 255);\"><strong style=\"line-height: 1;\">LOREM CORPORATE CEO<\/strong><\/span><\/p><p style=\"text-align: center;\"><span style=\"color: rgb(255, 255, 255);\">Duis aute irure dolor in reprehenderit in voluptate velit esse cillum dolore eu fugiat nulla pariatur. Excepteur sint occaecat cupidatat non proident, sunt in culpa qui officia deserunt mollit anim id est laborum.<\/span><\/p><p style=\"text-align: left;\"><sign>\u00a0 \u00a0 \u00a0 <span style=\"line-height: 2.0;\">Benn Marshall<\/span><\/sign><\/p>\n\n\n<p><span style=\"font-size:11.0pt;line-height:107%;\nfont-family:&quot;Calibri&quot;,sans-serif;mso-ascii-theme-font:minor-latin;mso-fareast-font-family:\nCalibri;mso-fareast-theme-font:minor-latin;mso-hansi-theme-font:minor-latin;\nmso-bidi-font-family:&quot;Times New Roman&quot;;mso-bidi-theme-font:minor-bidi;\nmso-ansi-language:PT;mso-fareast-language:EN-US;mso-bidi-language:AR-SA\">A\nZilevo \u00e9 uma empresa inovadora que se destaca na \u00e1rea de automa\u00e7\u00e3o residencial\ne empresarial, oferecendo solu\u00e7\u00f5es inteligentes que integram tecnologia e\nconforto ao dia a dia.&nbsp;<\/span><\/p>\n<p><span style=\"font-size:11.0pt;line-height:107%;\nfont-family:&quot;Calibri&quot;,sans-serif;mso-ascii-theme-font:minor-latin;mso-fareast-font-family:\nCalibri;mso-fareast-theme-font:minor-latin;mso-hansi-theme-font:minor-latin;\nmso-bidi-font-family:&quot;Times New Roman&quot;;mso-bidi-theme-font:minor-bidi;\nmso-ansi-language:PT;mso-fareast-language:EN-US;mso-bidi-language:AR-SA\">Com um\nportf\u00f3lio diversificado, a Zilevo permite o controle de sistemas de ilumina\u00e7\u00e3o,\nclimatiza\u00e7\u00e3o, seguran\u00e7a e entretenimento de forma pr\u00e1tica e eficiente, tudo por\nmeio de um aplicativo intuitivo.&nbsp;<\/span><\/p>\n<p><span style=\"font-size:11.0pt;line-height:107%;\nfont-family:&quot;Calibri&quot;,sans-serif;mso-ascii-theme-font:minor-latin;mso-fareast-font-family:\nCalibri;mso-fareast-theme-font:minor-latin;mso-hansi-theme-font:minor-latin;\nmso-bidi-font-family:&quot;Times New Roman&quot;;mso-bidi-theme-font:minor-bidi;\nmso-ansi-language:PT;mso-fareast-language:EN-US;mso-bidi-language:AR-SA\">Na\nesfera empresarial, as solu\u00e7\u00f5es da Zilevo promovem a otimiza\u00e7\u00e3o de recursos,\nmelhorando a efici\u00eancia operacional e reduzindo custos.<\/span><\/p>\n<p class=\"MsoNormal\">Com a Zilevo, a automa\u00e7\u00e3o se torna um aliado essencial,\nproporcionando mais conveni\u00eancia e seguran\u00e7a em todos os ambientes.<o:p><\/o:p><\/p>\n\n\n\n\n","protected":false},"excerpt":{"rendered":"","protected":false},"author":1,"featured_media":0,"parent":0,"menu_order":0,"comment_status":"closed","ping_status":"closed","template":"","meta":{"pagelayer_contact_templates":[],"_pagelayer_content":"","footnotes":""},"class_list":["post-117","page","type-page","status-publish","hentry"],"_links":{"self":[{"href":"https:\/\/zilevo.pt\/zi\/wp-json\/wp\/v2\/pages\/117","targetHints":{"allow":["GET"]}}],"collection":[{"href":"https:\/\/zilevo.pt\/zi\/wp-json\/wp\/v2\/pages"}],"about":[{"href":"https:\/\/zilevo.pt\/zi\/wp-json\/wp\/v2\/types\/page"}],"author":[{"embeddable":true,"href":"https:\/\/zilevo.pt\/zi\/wp-json\/wp\/v2\/users\/1"}],"replies":[{"embeddable":true,"href":"https:\/\/zilevo.pt\/zi\/wp-json\/wp\/v2\/comments?post=117"}],"version-history":[{"count":4,"href":"https:\/\/zilevo.pt\/zi\/wp-json\/wp\/v2\/pages\/117\/revisions"}],"predecessor-version":[{"id":364,"href":"https:\/\/zilevo.pt\/zi\/wp-json\/wp\/v2\/pages\/117\/revisions\/364"}],"wp:attachment":[{"href":"https:\/\/zilevo.pt\/zi\/wp-json\/wp\/v2\/media?parent=117"}],"curies":[{"name":"wp","href":"https:\/\/api.w.org\/{rel}","templated":true}]}}