{"id":108,"date":"2025-04-01T14:31:51","date_gmt":"2025-04-01T14:31:51","guid":{"rendered":"http:\/\/zilevo.pt\/zi\/?page_id=108"},"modified":"2025-04-07T16:56:36","modified_gmt":"2025-04-07T16:56:36","slug":"controlo-de-acessos","status":"publish","type":"page","link":"https:\/\/zilevo.pt\/zi\/controlo-de-acessos\/","title":{"rendered":"Acessos"},"content":{"rendered":"\n\n\n\n<p>Acessos<\/p>\n\n\n\n\r\n<p style=\"text-align: right;\"><span style=\"font-size: 20px; color: #ffffff;\"><strong style=\"line-height: 1;\">LOREM CORPORATE CEO<\/strong><\/span><\/p>\r\n<p style=\"text-align: center;\"><span style=\"color: #ffffff;\">Duis aute irure dolor in reprehenderit in voluptate velit esse cillum dolore eu fugiat nulla pariatur. Excepteur sint occaecat cupidatat non proident, sunt in culpa qui officia deserunt mollit anim id est laborum.<\/span><\/p>\r\n<p style=\"text-align: left;\">\u00a0 \u00a0 \u00a0 <span style=\"line-height: 2.0;\">Benn Marshall<\/span><\/p>\r\n\n\n\n\r\n<p class=\"MsoNormal\">Oferecemos sistemas de controlo de acessos que garantem seguran\u00e7a e efici\u00eancia. Descubra como a ZiLEVO pode ajudar a proteger seus espa\u00e7os com tecnologia que lhe oferece controle total.<\/p>\r\n\n\r\n<p><span style=\"font-size: 11.0pt; line-height: 107%; font-family: 'Calibri',sans-serif; mso-ascii-theme-font: minor-latin; mso-fareast-font-family: Calibri; mso-fareast-theme-font: minor-latin; mso-hansi-theme-font: minor-latin; mso-bidi-font-family: 'Times New Roman'; mso-bidi-theme-font: minor-bidi; mso-ansi-language: PT; mso-fareast-language: EN-US; mso-bidi-language: AR-SA;\">O controle de acessos eletr\u00f4nicos \u00e9 uma tecnologia crucial para garantir a seguran\u00e7a de ambientes, regulando quem pode entrar em \u00e1reas espec\u00edficas. Utilizando ferramentas como cart\u00f5es de proximidade, biometria, senhas e aplicativos m\u00f3veis, esses sistemas permitem um monitoramento eficaz e em tempo real dos acessos. Al\u00e9m de aumentar a seguran\u00e7a, eles oferecem facilidade de gest\u00e3o, permitindo a adi\u00e7\u00e3o ou remo\u00e7\u00e3o de permiss\u00f5es de forma simples.\u00a0<\/span><\/p>\r\n\n\r\n<h4 class=\"MsoNormal\">Com a integra\u00e7\u00e3o a c\u00e2meras de vigil\u00e2ncia e alarmes, o controle de acessos se torna uma solu\u00e7\u00e3o abrangente, abordando tanto a prote\u00e7\u00e3o de ativos f\u00edsicos quanto a seguran\u00e7a de informa\u00e7\u00f5es sens\u00edveis.<\/h4>\r\n\n\n\n\n\n","protected":false},"excerpt":{"rendered":"","protected":false},"author":1,"featured_media":0,"parent":0,"menu_order":0,"comment_status":"closed","ping_status":"closed","template":"","meta":{"pagelayer_contact_templates":[],"_pagelayer_content":"","footnotes":""},"class_list":["post-108","page","type-page","status-publish","hentry"],"_links":{"self":[{"href":"https:\/\/zilevo.pt\/zi\/wp-json\/wp\/v2\/pages\/108","targetHints":{"allow":["GET"]}}],"collection":[{"href":"https:\/\/zilevo.pt\/zi\/wp-json\/wp\/v2\/pages"}],"about":[{"href":"https:\/\/zilevo.pt\/zi\/wp-json\/wp\/v2\/types\/page"}],"author":[{"embeddable":true,"href":"https:\/\/zilevo.pt\/zi\/wp-json\/wp\/v2\/users\/1"}],"replies":[{"embeddable":true,"href":"https:\/\/zilevo.pt\/zi\/wp-json\/wp\/v2\/comments?post=108"}],"version-history":[{"count":8,"href":"https:\/\/zilevo.pt\/zi\/wp-json\/wp\/v2\/pages\/108\/revisions"}],"predecessor-version":[{"id":488,"href":"https:\/\/zilevo.pt\/zi\/wp-json\/wp\/v2\/pages\/108\/revisions\/488"}],"wp:attachment":[{"href":"https:\/\/zilevo.pt\/zi\/wp-json\/wp\/v2\/media?parent=108"}],"curies":[{"name":"wp","href":"https:\/\/api.w.org\/{rel}","templated":true}]}}