{"id":102,"date":"2025-04-01T14:31:30","date_gmt":"2025-04-01T14:31:30","guid":{"rendered":"http:\/\/zilevo.pt\/zi\/?page_id=102"},"modified":"2025-04-04T09:44:24","modified_gmt":"2025-04-04T09:44:24","slug":"incendio","status":"publish","type":"page","link":"https:\/\/zilevo.pt\/zi\/incendio\/","title":{"rendered":"Inc\u00eandio"},"content":{"rendered":"\n\n\n\n<h2><h3 class=\"MsoNormal\"><strong>Seguran\u00e7a em Primeiro Lugar!\u200b<o:p><\/o:p><\/strong><\/h3><\/h2>\n\n<p class=\"MsoNormal\"><b>A Import\u00e2ncia da Seguran\u00e7a Contra Inc\u00eandios\u200b<o:p><\/o:p><\/b><\/p>\n\n\n\n\n\n\n<p class=\"MsoNormal\">Os inc\u00eandios podem ocorrer a qualquer momento. Aqui na\nZiLEVO, temos as melhores solu\u00e7\u00f5es em eletr\u00f4nica e eletricidade para a sua\nseguran\u00e7a. Saiba como podemos ajudar a prevenir inc\u00eandios com nossos produtos\nde qualidade.<o:p><\/o:p><\/p>\n<p class=\"MsoNormal\">A instala\u00e7\u00e3o de um sistema de dete\u00e7\u00e3o de inc\u00eandio \u00e9\nessencial para garantir a seguran\u00e7a de edifica\u00e7\u00f5es. O processo come\u00e7a com uma\navalia\u00e7\u00e3o do espa\u00e7o, onde s\u00e3o identificadas \u00e1reas de risco e definidos os tipos\nde detetores necess\u00e1rios, como sensores de fuma\u00e7a e calor. Em seguida, os\ndispositivos s\u00e3o instalados em locais estrat\u00e9gicos, como tetos e corredores, e\nconectados a um painel de controle central que monitora todas as unidades.<o:p><\/o:p><\/p>\n<p class=\"MsoNormal\">Ap\u00f3s a instala\u00e7\u00e3o, \u00e9 fundamental realizar testes para\ngarantir o funcionamento adequado do sistema. Al\u00e9m disso, o treinamento dos\nocupantes sobre como reagir em caso de alarme e a manuten\u00e7\u00e3o regular do sistema\ns\u00e3o indispens\u00e1veis para assegurar sua efic\u00e1cia. Com essas medidas, a instala\u00e7\u00e3o\nde um sistema de detec\u00e7\u00e3o de inc\u00eandio proporciona uma camada vital de\nseguran\u00e7a, protegendo vidas e patrim\u00f4nios.<o:p><\/o:p><\/p>\n\n\n\n\n","protected":false},"excerpt":{"rendered":"","protected":false},"author":1,"featured_media":0,"parent":0,"menu_order":0,"comment_status":"closed","ping_status":"closed","template":"","meta":{"pagelayer_contact_templates":[],"_pagelayer_content":"","footnotes":""},"class_list":["post-102","page","type-page","status-publish","hentry"],"_links":{"self":[{"href":"https:\/\/zilevo.pt\/zi\/wp-json\/wp\/v2\/pages\/102","targetHints":{"allow":["GET"]}}],"collection":[{"href":"https:\/\/zilevo.pt\/zi\/wp-json\/wp\/v2\/pages"}],"about":[{"href":"https:\/\/zilevo.pt\/zi\/wp-json\/wp\/v2\/types\/page"}],"author":[{"embeddable":true,"href":"https:\/\/zilevo.pt\/zi\/wp-json\/wp\/v2\/users\/1"}],"replies":[{"embeddable":true,"href":"https:\/\/zilevo.pt\/zi\/wp-json\/wp\/v2\/comments?post=102"}],"version-history":[{"count":10,"href":"https:\/\/zilevo.pt\/zi\/wp-json\/wp\/v2\/pages\/102\/revisions"}],"predecessor-version":[{"id":381,"href":"https:\/\/zilevo.pt\/zi\/wp-json\/wp\/v2\/pages\/102\/revisions\/381"}],"wp:attachment":[{"href":"https:\/\/zilevo.pt\/zi\/wp-json\/wp\/v2\/media?parent=102"}],"curies":[{"name":"wp","href":"https:\/\/api.w.org\/{rel}","templated":true}]}}