{"id":223,"date":"2025-04-02T16:46:26","date_gmt":"2025-04-02T16:46:26","guid":{"rendered":"https:\/\/zilevo.pt\/zi\/?page_id=223"},"modified":"2025-04-07T16:34:07","modified_gmt":"2025-04-07T16:34:07","slug":"home","status":"publish","type":"page","link":"http:\/\/zilevo.pt\/zi\/","title":{"rendered":"Home"},"content":{"rendered":"\t\t<div data-elementor-type=\"wp-page\" data-elementor-id=\"223\" class=\"elementor elementor-223\">\n\t\t\t\t<div class=\"elementor-element elementor-element-14dec2e2 e-flex e-con-boxed e-con e-parent\" data-id=\"14dec2e2\" data-element_type=\"container\">\n\t\t\t\t\t<div class=\"e-con-inner\">\n\t\t\t\t<div class=\"elementor-element elementor-element-4785b629 elementor-widget elementor-widget-text-editor\" data-id=\"4785b629\" data-element_type=\"widget\" data-widget_type=\"text-editor.default\">\n\t\t\t\t<div class=\"elementor-widget-container\">\n\t\t\t\t\t\t\t\t\t\n\t\t\t\t\t\t\t\t<\/div>\n\t\t\t\t<\/div>\n\t\t\t\t\t<\/div>\n\t\t\t\t<\/div>\n\t\t<div class=\"elementor-element elementor-element-fc7ffa9 e-grid e-con-boxed e-con e-parent\" data-id=\"fc7ffa9\" data-element_type=\"container\">\n\t\t\t\t\t<div class=\"e-con-inner\">\n\t\t\t\t<div class=\"elementor-element elementor-element-b549260 elementor-position-top elementor-widget elementor-widget-image-box\" data-id=\"b549260\" data-element_type=\"widget\" data-widget_type=\"image-box.default\">\n\t\t\t\t<div class=\"elementor-widget-container\">\n\t\t\t\t\t<div class=\"elementor-image-box-wrapper\"><figure class=\"elementor-image-box-img\"><a href=\"https:\/\/zilevo.pt\/zi\/videovigilancia\/\" tabindex=\"-1\"><img fetchpriority=\"high\" decoding=\"async\" width=\"300\" height=\"273\" src=\"http:\/\/zilevo.pt\/zi\/wp-content\/uploads\/2025\/04\/videovigilancia-300x273.png\" class=\"attachment-medium size-medium wp-image-387\" alt=\"\" srcset=\"http:\/\/zilevo.pt\/zi\/wp-content\/uploads\/2025\/04\/videovigilancia-300x273.png 300w, http:\/\/zilevo.pt\/zi\/wp-content\/uploads\/2025\/04\/videovigilancia.png 600w\" sizes=\"(max-width: 300px) 100vw, 300px\" \/><\/a><\/figure><div class=\"elementor-image-box-content\"><h3 class=\"elementor-image-box-title\"><a href=\"https:\/\/zilevo.pt\/zi\/videovigilancia\/\">Videovigilancia<\/a><\/h3><\/div><\/div>\t\t\t\t<\/div>\n\t\t\t\t<\/div>\n\t\t\t\t<div class=\"elementor-element elementor-element-2555f01 elementor-position-top elementor-widget elementor-widget-image-box\" data-id=\"2555f01\" data-element_type=\"widget\" data-widget_type=\"image-box.default\">\n\t\t\t\t<div class=\"elementor-widget-container\">\n\t\t\t\t\t<div class=\"elementor-image-box-wrapper\"><figure class=\"elementor-image-box-img\"><a href=\"https:\/\/zilevo.pt\/zi\/intrusao\/\" tabindex=\"-1\"><img decoding=\"async\" width=\"300\" height=\"277\" src=\"http:\/\/zilevo.pt\/zi\/wp-content\/uploads\/2025\/04\/Intrusao-300x277.png\" class=\"attachment-medium size-medium wp-image-399\" alt=\"\" srcset=\"http:\/\/zilevo.pt\/zi\/wp-content\/uploads\/2025\/04\/Intrusao-300x277.png 300w, http:\/\/zilevo.pt\/zi\/wp-content\/uploads\/2025\/04\/Intrusao.png 600w\" sizes=\"(max-width: 300px) 100vw, 300px\" \/><\/a><\/figure><div class=\"elementor-image-box-content\"><h3 class=\"elementor-image-box-title\"><a href=\"https:\/\/zilevo.pt\/zi\/intrusao\/\">Intrusao<\/a><\/h3><\/div><\/div>\t\t\t\t<\/div>\n\t\t\t\t<\/div>\n\t\t\t\t<div class=\"elementor-element elementor-element-11aace4 elementor-position-top elementor-widget elementor-widget-image-box\" data-id=\"11aace4\" data-element_type=\"widget\" data-widget_type=\"image-box.default\">\n\t\t\t\t<div class=\"elementor-widget-container\">\n\t\t\t\t\t<div class=\"elementor-image-box-wrapper\"><figure class=\"elementor-image-box-img\"><a href=\"https:\/\/zilevo.pt\/zi\/incendio\/\" tabindex=\"-1\"><img decoding=\"async\" width=\"300\" height=\"273\" src=\"http:\/\/zilevo.pt\/zi\/wp-content\/uploads\/2025\/04\/incendio-300x273.png\" class=\"attachment-medium size-medium wp-image-414\" alt=\"\" srcset=\"http:\/\/zilevo.pt\/zi\/wp-content\/uploads\/2025\/04\/incendio-300x273.png 300w, http:\/\/zilevo.pt\/zi\/wp-content\/uploads\/2025\/04\/incendio.png 600w\" sizes=\"(max-width: 300px) 100vw, 300px\" \/><\/a><\/figure><div class=\"elementor-image-box-content\"><h3 class=\"elementor-image-box-title\"><a href=\"https:\/\/zilevo.pt\/zi\/incendio\/\">Inc\u00eandio<\/a><\/h3><\/div><\/div>\t\t\t\t<\/div>\n\t\t\t\t<\/div>\n\t\t\t\t<div class=\"elementor-element elementor-element-7d42be2 elementor-position-top elementor-widget elementor-widget-image-box\" data-id=\"7d42be2\" data-element_type=\"widget\" data-widget_type=\"image-box.default\">\n\t\t\t\t<div class=\"elementor-widget-container\">\n\t\t\t\t\t<div class=\"elementor-image-box-wrapper\"><figure class=\"elementor-image-box-img\"><a href=\"https:\/\/zilevo.pt\/zi\/redes\/\" tabindex=\"-1\"><img loading=\"lazy\" decoding=\"async\" width=\"300\" height=\"281\" src=\"http:\/\/zilevo.pt\/zi\/wp-content\/uploads\/2025\/04\/redes-300x281.png\" class=\"attachment-medium size-medium wp-image-434\" alt=\"\" srcset=\"http:\/\/zilevo.pt\/zi\/wp-content\/uploads\/2025\/04\/redes-300x281.png 300w, http:\/\/zilevo.pt\/zi\/wp-content\/uploads\/2025\/04\/redes.png 600w\" sizes=\"(max-width: 300px) 100vw, 300px\" \/><\/a><\/figure><div class=\"elementor-image-box-content\"><h3 class=\"elementor-image-box-title\"><a href=\"https:\/\/zilevo.pt\/zi\/redes\/\">Redes<\/a><\/h3><\/div><\/div>\t\t\t\t<\/div>\n\t\t\t\t<\/div>\n\t\t\t\t<div class=\"elementor-element elementor-element-5ad1d3c elementor-position-top elementor-widget elementor-widget-image-box\" data-id=\"5ad1d3c\" data-element_type=\"widget\" data-widget_type=\"image-box.default\">\n\t\t\t\t<div class=\"elementor-widget-container\">\n\t\t\t\t\t<div class=\"elementor-image-box-wrapper\"><figure class=\"elementor-image-box-img\"><a href=\"https:\/\/zilevo.pt\/zi\/videoporteiro\/\" tabindex=\"-1\"><img loading=\"lazy\" decoding=\"async\" width=\"300\" height=\"280\" src=\"http:\/\/zilevo.pt\/zi\/wp-content\/uploads\/2025\/04\/videoporteiro-300x280.png\" class=\"attachment-medium size-medium wp-image-457\" alt=\"\" srcset=\"http:\/\/zilevo.pt\/zi\/wp-content\/uploads\/2025\/04\/videoporteiro-300x280.png 300w, http:\/\/zilevo.pt\/zi\/wp-content\/uploads\/2025\/04\/videoporteiro.png 600w\" sizes=\"(max-width: 300px) 100vw, 300px\" \/><\/a><\/figure><div class=\"elementor-image-box-content\"><h3 class=\"elementor-image-box-title\"><a href=\"https:\/\/zilevo.pt\/zi\/videoporteiro\/\">Videoporteiro<\/a><\/h3><\/div><\/div>\t\t\t\t<\/div>\n\t\t\t\t<\/div>\n\t\t\t\t<div class=\"elementor-element elementor-element-cd42900 elementor-position-top elementor-widget elementor-widget-image-box\" data-id=\"cd42900\" data-element_type=\"widget\" data-widget_type=\"image-box.default\">\n\t\t\t\t<div class=\"elementor-widget-container\">\n\t\t\t\t\t<div class=\"elementor-image-box-wrapper\"><figure class=\"elementor-image-box-img\"><a href=\"https:\/\/zilevo.pt\/zi\/controlo-de-acessos\" tabindex=\"-1\"><img loading=\"lazy\" decoding=\"async\" width=\"300\" height=\"278\" src=\"http:\/\/zilevo.pt\/zi\/wp-content\/uploads\/2025\/04\/controloacessos-300x278.png\" class=\"attachment-medium size-medium wp-image-416\" alt=\"\" srcset=\"http:\/\/zilevo.pt\/zi\/wp-content\/uploads\/2025\/04\/controloacessos-300x278.png 300w, http:\/\/zilevo.pt\/zi\/wp-content\/uploads\/2025\/04\/controloacessos.png 600w\" sizes=\"(max-width: 300px) 100vw, 300px\" \/><\/a><\/figure><div class=\"elementor-image-box-content\"><h3 class=\"elementor-image-box-title\"><a href=\"https:\/\/zilevo.pt\/zi\/controlo-de-acessos\">Acessos<\/a><\/h3><\/div><\/div>\t\t\t\t<\/div>\n\t\t\t\t<\/div>\n\t\t\t\t<div class=\"elementor-element elementor-element-c5ddbfb elementor-position-top elementor-widget elementor-widget-image-box\" data-id=\"c5ddbfb\" data-element_type=\"widget\" data-widget_type=\"image-box.default\">\n\t\t\t\t<div class=\"elementor-widget-container\">\n\t\t\t\t\t<div class=\"elementor-image-box-wrapper\"><figure class=\"elementor-image-box-img\"><a href=\"https:\/\/zilevo.pt\/zi\/automacao\/\" tabindex=\"-1\"><img loading=\"lazy\" decoding=\"async\" width=\"300\" height=\"272\" src=\"http:\/\/zilevo.pt\/zi\/wp-content\/uploads\/2025\/04\/Automatismos-300x272.png\" class=\"attachment-medium size-medium wp-image-438\" alt=\"\" srcset=\"http:\/\/zilevo.pt\/zi\/wp-content\/uploads\/2025\/04\/Automatismos-300x272.png 300w, http:\/\/zilevo.pt\/zi\/wp-content\/uploads\/2025\/04\/Automatismos.png 600w\" sizes=\"(max-width: 300px) 100vw, 300px\" \/><\/a><\/figure><div class=\"elementor-image-box-content\"><h3 class=\"elementor-image-box-title\"><a href=\"https:\/\/zilevo.pt\/zi\/automacao\/\">Automa\u00e7\u00e3o<\/a><\/h3><\/div><\/div>\t\t\t\t<\/div>\n\t\t\t\t<\/div>\n\t\t\t\t<div class=\"elementor-element elementor-element-9cebd61 elementor-position-top elementor-widget elementor-widget-image-box\" data-id=\"9cebd61\" data-element_type=\"widget\" data-widget_type=\"image-box.default\">\n\t\t\t\t<div class=\"elementor-widget-container\">\n\t\t\t\t\t<div class=\"elementor-image-box-wrapper\"><figure class=\"elementor-image-box-img\"><a href=\"https:\/\/zilevo.pt\/zi\/assiduidade\/\" tabindex=\"-1\"><img loading=\"lazy\" decoding=\"async\" width=\"300\" height=\"279\" src=\"http:\/\/zilevo.pt\/zi\/wp-content\/uploads\/2025\/04\/suporteonline-300x279.png\" class=\"attachment-medium size-medium wp-image-456\" alt=\"\" srcset=\"http:\/\/zilevo.pt\/zi\/wp-content\/uploads\/2025\/04\/suporteonline-300x279.png 300w, http:\/\/zilevo.pt\/zi\/wp-content\/uploads\/2025\/04\/suporteonline.png 600w\" sizes=\"(max-width: 300px) 100vw, 300px\" \/><\/a><\/figure><div class=\"elementor-image-box-content\"><h3 class=\"elementor-image-box-title\"><a href=\"https:\/\/zilevo.pt\/zi\/assiduidade\/\">Assiduidade<\/a><\/h3><\/div><\/div>\t\t\t\t<\/div>\n\t\t\t\t<\/div>\n\t\t\t\t<div class=\"elementor-element elementor-element-6029ce2 elementor-position-top elementor-widget elementor-widget-image-box\" data-id=\"6029ce2\" data-element_type=\"widget\" data-widget_type=\"image-box.default\">\n\t\t\t\t<div class=\"elementor-widget-container\">\n\t\t\t\t\t<div class=\"elementor-image-box-wrapper\"><figure class=\"elementor-image-box-img\"><a href=\"https:\/\/zilevo.pt\/zi\/eletricidade\/\" tabindex=\"-1\"><img loading=\"lazy\" decoding=\"async\" width=\"300\" height=\"279\" src=\"http:\/\/zilevo.pt\/zi\/wp-content\/uploads\/2025\/04\/led-300x279.png\" class=\"attachment-medium size-medium wp-image-444\" alt=\"\" srcset=\"http:\/\/zilevo.pt\/zi\/wp-content\/uploads\/2025\/04\/led-300x279.png 300w, http:\/\/zilevo.pt\/zi\/wp-content\/uploads\/2025\/04\/led.png 600w\" sizes=\"(max-width: 300px) 100vw, 300px\" \/><\/a><\/figure><div class=\"elementor-image-box-content\"><h3 class=\"elementor-image-box-title\"><a href=\"https:\/\/zilevo.pt\/zi\/eletricidade\/\">Eletricidade<\/a><\/h3><\/div><\/div>\t\t\t\t<\/div>\n\t\t\t\t<\/div>\n\t\t\t\t\t<\/div>\n\t\t\t\t<\/div>\n\t\t\t\t<\/div>\n\t\t","protected":false},"excerpt":{"rendered":"<p>Videovigilancia Intrusao Inc\u00eandio Redes Videoporteiro Acessos Automa\u00e7\u00e3o Assiduidade Eletricidade<\/p>\n","protected":false},"author":1,"featured_media":0,"parent":0,"menu_order":0,"comment_status":"closed","ping_status":"closed","template":"","meta":{"pagelayer_contact_templates":[],"_pagelayer_content":"","footnotes":""},"class_list":["post-223","page","type-page","status-publish","hentry"],"_links":{"self":[{"href":"http:\/\/zilevo.pt\/zi\/wp-json\/wp\/v2\/pages\/223","targetHints":{"allow":["GET"]}}],"collection":[{"href":"http:\/\/zilevo.pt\/zi\/wp-json\/wp\/v2\/pages"}],"about":[{"href":"http:\/\/zilevo.pt\/zi\/wp-json\/wp\/v2\/types\/page"}],"author":[{"embeddable":true,"href":"http:\/\/zilevo.pt\/zi\/wp-json\/wp\/v2\/users\/1"}],"replies":[{"embeddable":true,"href":"http:\/\/zilevo.pt\/zi\/wp-json\/wp\/v2\/comments?post=223"}],"version-history":[{"count":96,"href":"http:\/\/zilevo.pt\/zi\/wp-json\/wp\/v2\/pages\/223\/revisions"}],"predecessor-version":[{"id":475,"href":"http:\/\/zilevo.pt\/zi\/wp-json\/wp\/v2\/pages\/223\/revisions\/475"}],"wp:attachment":[{"href":"http:\/\/zilevo.pt\/zi\/wp-json\/wp\/v2\/media?parent=223"}],"curies":[{"name":"wp","href":"https:\/\/api.w.org\/{rel}","templated":true}]}}