{"id":130,"date":"2025-04-01T14:40:30","date_gmt":"2025-04-01T14:40:30","guid":{"rendered":"http:\/\/zilevo.pt\/zi\/?page_id=130"},"modified":"2025-10-15T22:11:17","modified_gmt":"2025-10-15T22:11:17","slug":"sobre-nos","status":"publish","type":"page","link":"http:\/\/zilevo.pt\/zi\/sobre-nos\/","title":{"rendered":"Sobre N\u00f3s"},"content":{"rendered":"\t\t<div data-elementor-type=\"wp-page\" data-elementor-id=\"130\" class=\"elementor elementor-130\">\n\t\t\t\t<div class=\"elementor-element elementor-element-76204065 e-flex e-con-boxed e-con e-parent\" data-id=\"76204065\" data-element_type=\"container\">\n\t\t\t\t\t<div class=\"e-con-inner\">\n\t\t\t\t<div class=\"elementor-element elementor-element-673b90df elementor-widget elementor-widget-text-editor\" data-id=\"673b90df\" data-element_type=\"widget\" data-widget_type=\"text-editor.default\">\n\t\t\t\t<div class=\"elementor-widget-container\">\n\t\t\t\t\t\t\t\t\t\n\n\n<p><span style=\"color: rgba(0, 0, 0, 0.9); font-family: -apple-system, system-ui, BlinkMacSystemFont, &quot;Segoe UI&quot;, Roboto, &quot;Helvetica Neue&quot;, &quot;Fira Sans&quot;, Ubuntu, Oxygen, &quot;Oxygen Sans&quot;, Cantarell, &quot;Droid Sans&quot;, &quot;Apple Color Emoji&quot;, &quot;Segoe UI Emoji&quot;, &quot;Segoe UI Emoji&quot;, &quot;Segoe UI Symbol&quot;, &quot;Lucida Grande&quot;, Helvetica, Arial, sans-serif; font-size: 16px; letter-spacing: normal; white-space-collapse: preserve; text-decoration-style: initial;\"><span style=\"color: rgb(255, 255, 255);\">  A ZILEVO apresenta um portf\u00f3lio alargado de solu\u00e7\u00f5es. Posicionamo-nos no mercado como uma empresa jovem e din\u00e2mica, mas com enorme sentido de responsabilidade, dedica\u00e7\u00e3o e profissionalismo.\n\nConquistar e fidelizar clientes atrav\u00e9s de uma supera\u00e7\u00e3o das expectativas, oferecendo um servi\u00e7o de excel\u00eancia. Apostamos no profissionalismo, no rigor, no elevado desempenho e na cria\u00e7\u00e3o de solu\u00e7\u00f5es criativas e inovadoras!\n\nNa ZILEVO fazemos importa\u00e7\u00e3o e exporta\u00e7\u00e3o de equipamentos eletr\u00f3nicos. Buscamos quer em Portugal como no estrangeiro, profissionais para distribui\u00e7\u00e3o grossista e retalhista no mercado internacional<\/span>.\n          <\/span><\/p>\n\n\n\n\n\n\n\n\n\n\n<h6>+351 938 703 904<\/h2>\n\n\n\n\n\n\n\n\n\n\n\n\nvianalarmes,viana do castelo, portugal\n\n\n\n\n\t\t\t\t\t\t\t\t<\/div>\n\t\t\t\t<\/div>\n\t\t\t\t\t<\/div>\n\t\t\t\t<\/div>\n\t\t<div class=\"elementor-element elementor-element-3836444 e-flex e-con-boxed e-con e-parent\" data-id=\"3836444\" data-element_type=\"container\">\n\t\t\t\t\t<div class=\"e-con-inner\">\n\t\t\t\t<div class=\"elementor-element elementor-element-82da702 elementor-widget elementor-widget-heading\" data-id=\"82da702\" data-element_type=\"widget\" data-widget_type=\"heading.default\">\n\t\t\t\t<div class=\"elementor-widget-container\">\n\t\t\t\t\t<h2 class=\"elementor-heading-title elementor-size-default\">N\u00f3s entramos em contacto <\/h2>\t\t\t\t<\/div>\n\t\t\t\t<\/div>\n\t\t\t\t\t<\/div>\n\t\t\t\t<\/div>\n\t\t<div class=\"elementor-element elementor-element-3de38c9 e-flex e-con-boxed e-con e-parent\" data-id=\"3de38c9\" data-element_type=\"container\">\n\t\t\t\t\t<div class=\"e-con-inner\">\n\t\t\t\t<div class=\"elementor-element elementor-element-a563764 elementor-widget elementor-widget-shortcode\" data-id=\"a563764\" data-element_type=\"widget\" data-widget_type=\"shortcode.default\">\n\t\t\t\t<div class=\"elementor-widget-container\">\n\t\t\t\t\t\t\t<div class=\"elementor-shortcode\"><style id=\"wpforms-css-vars-494\">\n\t\t\t\t#wpforms-494 {\n\t\t\t\t--wpforms-field-border-radius: 0px;\n--wpforms-field-border-color: #cccccc;\n--wpforms-field-border-color-spare: #cccccc;\n--wpforms-field-text-color: #444444;\n--wpforms-label-color: #262626;\n--wpforms-label-sublabel-color: #7f7f7f;\n--wpforms-label-error-color: #ff0000;\n--wpforms-button-border-style: solid;\n--wpforms-button-border-radius: 0px;\n--wpforms-button-background-color: #dddddd;\n--wpforms-button-border-color: #cccccc;\n--wpforms-button-text-color: #666666;\n--wpforms-container-padding: 0px;\n--wpforms-container-border-width: 1px;\n--wpforms-container-border-radius: 3px;\n--wpforms-background-color: rgba(0, 0, 0, 0);\n--wpforms-page-break-color: #dddddd;\n--wpforms-field-size-input-height: 43px;\n--wpforms-field-size-input-spacing: 15px;\n--wpforms-field-size-font-size: 16px;\n--wpforms-field-size-line-height: 19px;\n--wpforms-field-size-padding-h: 14px;\n--wpforms-field-size-checkbox-size: 16px;\n--wpforms-field-size-sublabel-spacing: 5px;\n--wpforms-field-size-icon-size: 1;\n--wpforms-label-size-font-size: 14px;\n--wpforms-label-size-line-height: 17px;\n--wpforms-label-size-sublabel-font-size: 13px;\n--wpforms-label-size-sublabel-line-height: 16px;\n--wpforms-button-size-font-size: 14px;\n--wpforms-button-size-height: 37px;\n--wpforms-button-size-padding-h: 15px;\n--wpforms-button-size-margin-top: 5px;\n--wpforms-container-shadow-size-box-shadow: none;\n\t\t\t}\n\t\t\t<\/style><div class=\"wpforms-container wpforms-container-full wpforms-render-modern\" id=\"wpforms-494\"><form id=\"wpforms-form-494\" class=\"wpforms-validate wpforms-form wpforms-ajax-form\" data-formid=\"494\" method=\"post\" enctype=\"multipart\/form-data\" action=\"\/zi\/wp-json\/wp\/v2\/pages\/130\" data-token=\"72b045d2bd111e5cb61cbafe873869ce\" data-token-time=\"1776097766\"><noscript class=\"wpforms-error-noscript\">Please enable JavaScript in your browser to complete this form.<\/noscript><div id=\"wpforms-error-noscript\" style=\"display: none;\">Please enable JavaScript in your browser to complete this form.<\/div><div class=\"wpforms-field-container\"><div id=\"wpforms-494-field_1-container\" class=\"wpforms-field wpforms-field-name\" data-field-id=\"1\"><fieldset><legend class=\"wpforms-field-label\">Nome <span class=\"wpforms-required-label\" aria-hidden=\"true\">*<\/span><\/legend><div class=\"wpforms-field-row wpforms-field-medium\"><div class=\"wpforms-field-row-block wpforms-first wpforms-one-half\"><input type=\"text\" id=\"wpforms-494-field_1\" class=\"wpforms-field-name-first wpforms-field-required\" name=\"wpforms[fields][1][first]\" placeholder=\"Nome\" aria-errormessage=\"wpforms-494-field_1-error\" required><label for=\"wpforms-494-field_1\" class=\"wpforms-field-sublabel after wpforms-sublabel-hide\">First<\/label><\/div><div class=\"wpforms-field-row-block wpforms-one-half\"><input type=\"text\" id=\"wpforms-494-field_1-last\" class=\"wpforms-field-name-last wpforms-field-required\" name=\"wpforms[fields][1][last]\" placeholder=\"Apelido\" aria-errormessage=\"wpforms-494-field_1-last-error\" required><label for=\"wpforms-494-field_1-last\" class=\"wpforms-field-sublabel after wpforms-sublabel-hide\">Last<\/label><\/div><\/div><\/fieldset><\/div>\t\t<div id=\"wpforms-494-field_3-container\"\n\t\t\tclass=\"wpforms-field wpforms-field-text\"\n\t\t\tdata-field-type=\"text\"\n\t\t\tdata-field-id=\"3\"\n\t\t\t>\n\t\t\t<label class=\"wpforms-field-label\" for=\"wpforms-494-field_3\" >a Nome Assunto<\/label>\n\t\t\t<input type=\"text\" id=\"wpforms-494-field_3\" class=\"wpforms-field-medium\" name=\"wpforms[fields][3]\" >\n\t\t<\/div>\n\t\t<div id=\"wpforms-494-field_2-container\" class=\"wpforms-field wpforms-field-email\" data-field-id=\"2\"><label class=\"wpforms-field-label\" for=\"wpforms-494-field_2\">Email <span class=\"wpforms-required-label\" aria-hidden=\"true\">*<\/span><\/label><input type=\"email\" id=\"wpforms-494-field_2\" class=\"wpforms-field-medium wpforms-field-required\" name=\"wpforms[fields][2]\" spellcheck=\"false\" aria-errormessage=\"wpforms-494-field_2-error\" required><\/div><div id=\"wpforms-494-field_4-container\" class=\"wpforms-field wpforms-field-number\" data-field-id=\"4\"><label class=\"wpforms-field-label\" for=\"wpforms-494-field_4\">Contacto <span class=\"wpforms-required-label\" aria-hidden=\"true\">*<\/span><\/label><input type=\"number\" id=\"wpforms-494-field_4\" class=\"wpforms-field-medium wpforms-field-required\" name=\"wpforms[fields][4]\" placeholder=\"+351912345678\" step=\"any\" aria-errormessage=\"wpforms-494-field_4-error\" required><\/div><div id=\"wpforms-494-field_5-container\" class=\"wpforms-field wpforms-field-select wpforms-field-select-style-modern\" data-field-id=\"5\"><label class=\"wpforms-field-label\" for=\"wpforms-494-field_5\">Assunto <span class=\"wpforms-required-label\" aria-hidden=\"true\">*<\/span><\/label><select id=\"wpforms-494-field_5\" class=\"wpforms-field-medium wpforms-field-required choicesjs-select\" data-size-class=\"wpforms-field-row wpforms-field-medium\" data-search-enabled=\"1\" name=\"wpforms[fields][5][]\" required=\"required\" multiple=\"multiple\"><option value=\"\" class=\"placeholder\" disabled >Escolha seu assunto<\/option><option value=\"Videovigil\u00e2ncia\"  class=\"choice-1 depth-1\"  >Videovigil\u00e2ncia<\/option><option value=\"Inc\u00eandio\"  class=\"choice-2 depth-1\"  >Inc\u00eandio<\/option><option value=\"Intrus\u00e3o\"  class=\"choice-3 depth-1\"  >Intrus\u00e3o<\/option><option value=\"Redes\"  class=\"choice-4 depth-1\"  >Redes<\/option><option value=\"Automa\u00e7\u00e3o\"  class=\"choice-5 depth-1\"  >Automa\u00e7\u00e3o<\/option><option value=\"Videoporteiro\"  class=\"choice-6 depth-1\"  >Videoporteiro<\/option><option value=\"Acessos\"  class=\"choice-7 depth-1\"  >Acessos<\/option><option value=\"Assiduidade\"  class=\"choice-9 depth-1\"  >Assiduidade<\/option><option value=\"Eletricidade\"  class=\"choice-10 depth-1\"  >Eletricidade<\/option><option value=\"Outros\"  class=\"choice-11 depth-1\"  >Outros<\/option><\/select><\/div><div id=\"wpforms-494-field_9-container\" class=\"wpforms-field wpforms-field-textarea\" data-field-id=\"9\"><label class=\"wpforms-field-label\" for=\"wpforms-494-field_9\">Deixe a sua mensagem <\/label><textarea id=\"wpforms-494-field_9\" class=\"wpforms-field-medium\" name=\"wpforms[fields][9]\" aria-errormessage=\"wpforms-494-field_9-error\" ><\/textarea><\/div><script>\n\t\t\t\t( function() {\n\t\t\t\t\tconst style = document.createElement( 'style' );\n\t\t\t\t\tstyle.appendChild( document.createTextNode( '#wpforms-494-field_3-container { position: absolute !important; overflow: hidden !important; display: inline !important; height: 1px !important; width: 1px !important; z-index: -1000 !important; padding: 0 !important; } #wpforms-494-field_3-container input { visibility: hidden; } #wpforms-conversational-form-page #wpforms-494-field_3-container label { counter-increment: none; }' ) );\n\t\t\t\t\tdocument.head.appendChild( style );\n\t\t\t\t\tdocument.currentScript?.remove();\n\t\t\t\t} )();\n\t\t\t<\/script><\/div><!-- .wpforms-field-container --><div class=\"wpforms-submit-container\" ><input type=\"hidden\" name=\"wpforms[id]\" value=\"494\"><input type=\"hidden\" name=\"page_title\" value=\"\"><input type=\"hidden\" name=\"page_url\" value=\"http:\/\/zilevo.pt\/zi\/wp-json\/wp\/v2\/pages\/130\"><input type=\"hidden\" name=\"url_referer\" value=\"\"><button type=\"submit\" name=\"wpforms[submit]\" id=\"wpforms-submit-494\" class=\"wpforms-submit\" data-alt-text=\"A Enviar\" data-submit-text=\"Enviar\" aria-live=\"assertive\" value=\"wpforms-submit\">Enviar<\/button><img decoding=\"async\" src=\"http:\/\/zilevo.pt\/zi\/wp-content\/plugins\/wpforms-lite\/assets\/images\/submit-spin.svg\" class=\"wpforms-submit-spinner\" style=\"display: none;\" width=\"26\" height=\"26\" alt=\"Loading\"><\/div><\/form><\/div>  <!-- .wpforms-container --><\/div>\n\t\t\t\t\t\t<\/div>\n\t\t\t\t<\/div>\n\t\t\t\t\t<\/div>\n\t\t\t\t<\/div>\n\t\t\t\t<\/div>\n\t\t","protected":false},"excerpt":{"rendered":"<p>N\u00f3s entramos em contacto<\/p>\n","protected":false},"author":1,"featured_media":0,"parent":0,"menu_order":0,"comment_status":"closed","ping_status":"closed","template":"","meta":{"pagelayer_contact_templates":[],"_pagelayer_content":"","footnotes":""},"class_list":["post-130","page","type-page","status-publish","hentry"],"_links":{"self":[{"href":"http:\/\/zilevo.pt\/zi\/wp-json\/wp\/v2\/pages\/130","targetHints":{"allow":["GET"]}}],"collection":[{"href":"http:\/\/zilevo.pt\/zi\/wp-json\/wp\/v2\/pages"}],"about":[{"href":"http:\/\/zilevo.pt\/zi\/wp-json\/wp\/v2\/types\/page"}],"author":[{"embeddable":true,"href":"http:\/\/zilevo.pt\/zi\/wp-json\/wp\/v2\/users\/1"}],"replies":[{"embeddable":true,"href":"http:\/\/zilevo.pt\/zi\/wp-json\/wp\/v2\/comments?post=130"}],"version-history":[{"count":47,"href":"http:\/\/zilevo.pt\/zi\/wp-json\/wp\/v2\/pages\/130\/revisions"}],"predecessor-version":[{"id":516,"href":"http:\/\/zilevo.pt\/zi\/wp-json\/wp\/v2\/pages\/130\/revisions\/516"}],"wp:attachment":[{"href":"http:\/\/zilevo.pt\/zi\/wp-json\/wp\/v2\/media?parent=130"}],"curies":[{"name":"wp","href":"https:\/\/api.w.org\/{rel}","templated":true}]}}